{"id":4157,"date":"2025-08-18T22:20:19","date_gmt":"2025-08-18T22:20:19","guid":{"rendered":"https:\/\/legintelligence.io\/?page_id=4157"},"modified":"2025-12-04T21:52:16","modified_gmt":"2025-12-04T21:52:16","slug":"our-method","status":"publish","type":"page","link":"https:\/\/legintelligence.io\/es\/our-method\/","title":{"rendered":"OUR METHOD"},"content":{"rendered":"<div data-elementor-type=\"wp-page\" data-elementor-id=\"4157\" class=\"elementor elementor-4157\">\n\t\t\t\t<div class=\"elementor-element elementor-element-123a2fc e-flex e-con-boxed e-con e-parent\" data-id=\"123a2fc\" data-element_type=\"container\" data-settings=\"{&quot;background_background&quot;:&quot;slideshow&quot;,&quot;background_slideshow_gallery&quot;:[],&quot;background_slideshow_loop&quot;:&quot;yes&quot;,&quot;background_slideshow_slide_duration&quot;:5000,&quot;background_slideshow_slide_transition&quot;:&quot;fade&quot;,&quot;background_slideshow_transition_duration&quot;:500}\">\n\t\t\t\t\t<div class=\"e-con-inner\">\n\t\t\t\t<div class=\"elementor-element elementor-element-e26789e elementor-widget elementor-widget-spacer\" data-id=\"e26789e\" data-element_type=\"widget\" data-widget_type=\"spacer.default\">\n\t\t\t\t<div class=\"elementor-widget-container\">\n\t\t\t\t\t\t\t<div class=\"elementor-spacer\">\n\t\t\t<div class=\"elementor-spacer-inner\"><\/div>\n\t\t<\/div>\n\t\t\t\t\t\t<\/div>\n\t\t\t\t<\/div>\n\t\t\t\t<div class=\"elementor-element elementor-element-5c0431b elementor-widget__width-inherit elementor-widget elementor-widget-image\" data-id=\"5c0431b\" data-element_type=\"widget\" data-widget_type=\"image.default\">\n\t\t\t\t<div class=\"elementor-widget-container\">\n\t\t\t\t\t\t\t\t\t\t\t\t\t\t\t<img fetchpriority=\"high\" decoding=\"async\" width=\"936\" height=\"1024\" src=\"https:\/\/legintelligence.io\/wp-content\/uploads\/2025\/08\/Recurso-1Leg-Int-936x1024.png\" class=\"attachment-large size-large wp-image-4403\" alt=\"\" srcset=\"https:\/\/legintelligence.io\/wp-content\/uploads\/2025\/08\/Recurso-1Leg-Int-936x1024.png 936w, https:\/\/legintelligence.io\/wp-content\/uploads\/2025\/08\/Recurso-1Leg-Int-274x300.png 274w, https:\/\/legintelligence.io\/wp-content\/uploads\/2025\/08\/Recurso-1Leg-Int-768x840.png 768w, https:\/\/legintelligence.io\/wp-content\/uploads\/2025\/08\/Recurso-1Leg-Int-1404x1536.png 1404w, https:\/\/legintelligence.io\/wp-content\/uploads\/2025\/08\/Recurso-1Leg-Int-1872x2048.png 1872w, https:\/\/legintelligence.io\/wp-content\/uploads\/2025\/08\/Recurso-1Leg-Int-11x12.png 11w\" sizes=\"(max-width: 936px) 100vw, 936px\" \/>\t\t\t\t\t\t\t\t\t\t\t\t\t\t\t<\/div>\n\t\t\t\t<\/div>\n\t\t\t\t<div class=\"elementor-element elementor-element-cb13efa elementor-widget elementor-widget-spacer\" data-id=\"cb13efa\" data-element_type=\"widget\" data-widget_type=\"spacer.default\">\n\t\t\t\t<div class=\"elementor-widget-container\">\n\t\t\t\t\t\t\t<div class=\"elementor-spacer\">\n\t\t\t<div class=\"elementor-spacer-inner\"><\/div>\n\t\t<\/div>\n\t\t\t\t\t\t<\/div>\n\t\t\t\t<\/div>\n\t\t\t\t\t<\/div>\n\t\t\t\t<\/div>\n\t\t<div class=\"elementor-element elementor-element-16a8cb26 e-flex e-con-boxed e-con e-parent\" data-id=\"16a8cb26\" data-element_type=\"container\" data-settings=\"{&quot;background_background&quot;:&quot;classic&quot;}\">\n\t\t\t\t\t<div class=\"e-con-inner\">\n\t\t<div class=\"elementor-element elementor-element-e6bf065 e-con-full e-flex e-con e-child\" data-id=\"e6bf065\" data-element_type=\"container\">\n\t\t\t\t<div class=\"elementor-element elementor-element-dd0764a elementor-widget elementor-widget-spacer\" data-id=\"dd0764a\" data-element_type=\"widget\" data-widget_type=\"spacer.default\">\n\t\t\t\t<div class=\"elementor-widget-container\">\n\t\t\t\t\t\t\t<div class=\"elementor-spacer\">\n\t\t\t<div class=\"elementor-spacer-inner\"><\/div>\n\t\t<\/div>\n\t\t\t\t\t\t<\/div>\n\t\t\t\t<\/div>\n\t\t\t\t<div class=\"elementor-element elementor-element-190378f4 elementor-widget elementor-widget-heading\" data-id=\"190378f4\" data-element_type=\"widget\" data-widget_type=\"heading.default\">\n\t\t\t\t<div class=\"elementor-widget-container\">\n\t\t\t\t\t<h2 class=\"elementor-heading-title elementor-size-default\"> Our method<\/h2>\t\t\t\t<\/div>\n\t\t\t\t<\/div>\n\t\t\t\t<\/div>\n\t\t\t\t<div class=\"elementor-element elementor-element-1ff4524 elementor-widget__width-inherit elementor-widget elementor-widget-text-editor\" data-id=\"1ff4524\" data-element_type=\"widget\" data-widget_type=\"text-editor.default\">\n\t\t\t\t<div class=\"elementor-widget-container\">\n\t\t\t\t\t\t\t\t\t<p><b>En el mercado legal global, no hay un punto de partida m\u00e1s s\u00f3lido para encontrar y contratar asesor\u00eda jur\u00eddica que nuestra plataforma.<\/b><span style=\"font-weight: 400;\"><br \/><\/span><span style=\"font-weight: 400;\">Nuestra combinaci\u00f3n \u00fanica de red, conocimiento y experiencia nos convierte en el referente natural para empresas y firmas legales que buscan transparencia, calidad y competitividad. Con a\u00f1os de contacto con los principales actores del sector, acceso directo a firmas de alto nivel y un entendimiento profundo de las din\u00e1micas de contrataci\u00f3n legal en las principales jurisdicciones de cinco continentes, ofrecemos una propuesta de valor que ning\u00fan otro proveedor puede igualar.<\/span><\/p>\t\t\t\t\t\t\t\t<\/div>\n\t\t\t\t<\/div>\n\t\t\t\t<div class=\"elementor-element elementor-element-73b0427 elementor-hidden-mobile elementor-widget elementor-widget-image\" data-id=\"73b0427\" data-element_type=\"widget\" data-widget_type=\"image.default\">\n\t\t\t\t<div class=\"elementor-widget-container\">\n\t\t\t\t\t\t\t\t\t\t\t\t\t\t\t<img decoding=\"async\" width=\"2048\" height=\"685\" src=\"https:\/\/legintelligence.io\/wp-content\/uploads\/2025\/12\/MAPA-PROCESOS-nuevo-Legint--2048x685.png\" class=\"attachment-2048x2048 size-2048x2048 wp-image-4545\" alt=\"\" srcset=\"https:\/\/legintelligence.io\/wp-content\/uploads\/2025\/12\/MAPA-PROCESOS-nuevo-Legint--2048x685.png 2048w, https:\/\/legintelligence.io\/wp-content\/uploads\/2025\/12\/MAPA-PROCESOS-nuevo-Legint--300x100.png 300w, https:\/\/legintelligence.io\/wp-content\/uploads\/2025\/12\/MAPA-PROCESOS-nuevo-Legint--1024x343.png 1024w, https:\/\/legintelligence.io\/wp-content\/uploads\/2025\/12\/MAPA-PROCESOS-nuevo-Legint--768x257.png 768w, https:\/\/legintelligence.io\/wp-content\/uploads\/2025\/12\/MAPA-PROCESOS-nuevo-Legint--1536x514.png 1536w, https:\/\/legintelligence.io\/wp-content\/uploads\/2025\/12\/MAPA-PROCESOS-nuevo-Legint--18x6.png 18w\" sizes=\"(max-width: 2048px) 100vw, 2048px\" \/>\t\t\t\t\t\t\t\t\t\t\t\t\t\t\t<\/div>\n\t\t\t\t<\/div>\n\t\t<div class=\"elementor-element elementor-element-752d0cb1 e-grid e-con-full e-con e-child\" data-id=\"752d0cb1\" data-element_type=\"container\">\n\t\t\t\t<div class=\"elementor-element elementor-element-6e29b2b6 elementor-widget elementor-widget-icon-box\" data-id=\"6e29b2b6\" data-element_type=\"widget\" data-widget_type=\"icon-box.default\">\n\t\t\t\t<div class=\"elementor-widget-container\">\n\t\t\t\t\t\t\t<div class=\"elementor-icon-box-wrapper\">\n\n\t\t\t\n\t\t\t\t\t\t<div class=\"elementor-icon-box-content\">\n\n\t\t\t\t\t\t\t\t\t<h3 class=\"elementor-icon-box-title\">\n\t\t\t\t\t\t<span  >\n\t\t\t\t\t\t\tRequest Intake &amp; Criteria Validation\t\t\t\t\t\t<\/span>\n\t\t\t\t\t<\/h3>\n\t\t\t\t\n\t\t\t\t\t\t\t\t\t<p class=\"elementor-icon-box-description\">\n\t\t\t\t\t\tRecolectamos detalladamente los requerimientos de su empresa o firma: especialidad jur\u00eddica, experiencia, reconocimiento, ubicaci\u00f3n, idiomas, estructura del equipo, tiempos de respuesta, entre otros (lista abierta). Validamos internamente estos criterios, garantizando que comprendemos con precisi\u00f3n sus necesidades.\t\t\t\t\t<\/p>\n\t\t\t\t\n\t\t\t<\/div>\n\t\t\t\n\t\t<\/div>\n\t\t\t\t\t\t<\/div>\n\t\t\t\t<\/div>\n\t\t\t\t<div class=\"elementor-element elementor-element-aa16e2a elementor-widget elementor-widget-icon-box\" data-id=\"aa16e2a\" data-element_type=\"widget\" data-widget_type=\"icon-box.default\">\n\t\t\t\t<div class=\"elementor-widget-container\">\n\t\t\t\t\t\t\t<div class=\"elementor-icon-box-wrapper\">\n\n\t\t\t\n\t\t\t\t\t\t<div class=\"elementor-icon-box-content\">\n\n\t\t\t\t\t\t\t\t\t<h3 class=\"elementor-icon-box-title\">\n\t\t\t\t\t\t<span  >\n\t\t\t\t\t\t\tRed de Firmas Vetted y Ampliamente Evaluada\t\t\t\t\t\t<\/span>\n\t\t\t\t\t<\/h3>\n\t\t\t\t\n\t\t\t\t\t\t\t\t\t<p class=\"elementor-icon-box-description\">\n\t\t\t\t\t\tActivamos nuestra red global y local de firmas legales previamente evaluadas, basadas en m\u00e9tricas de desempe\u00f1o, reputaci\u00f3n y pr\u00e1ctica. Esta base de datos, robusta y estrat\u00e9gicamente enriquecida, es nuestra ventaja competitiva principal y nos permite ofrecer calidad, confianza y alcance.\t\t\t\t\t<\/p>\n\t\t\t\t\n\t\t\t<\/div>\n\t\t\t\n\t\t<\/div>\n\t\t\t\t\t\t<\/div>\n\t\t\t\t<\/div>\n\t\t\t\t<div class=\"elementor-element elementor-element-be68ff5 elementor-widget elementor-widget-icon-box\" data-id=\"be68ff5\" data-element_type=\"widget\" data-widget_type=\"icon-box.default\">\n\t\t\t\t<div class=\"elementor-widget-container\">\n\t\t\t\t\t\t\t<div class=\"elementor-icon-box-wrapper\">\n\n\t\t\t\n\t\t\t\t\t\t<div class=\"elementor-icon-box-content\">\n\n\t\t\t\t\t\t\t\t\t<h3 class=\"elementor-icon-box-title\">\n\t\t\t\t\t\t<span  >\n\t\t\t\t\t\t\tBlind Bidding Process\t\t\t\t\t\t<\/span>\n\t\t\t\t\t<\/h3>\n\t\t\t\t\n\t\t\t\t\t\t\t\t\t<p class=\"elementor-icon-box-description\">\n\t\t\t\t\t\tInvitamos a las firmas seleccionadas a presentar sus propuestas sin visibilidad entre pares, incentivando condiciones claras, objetivas y altamente competitivas. Esta din\u00e1mica promueve transparencia, competencia horizontal y optimizaci\u00f3n de costos.\t\t\t\t\t<\/p>\n\t\t\t\t\n\t\t\t<\/div>\n\t\t\t\n\t\t<\/div>\n\t\t\t\t\t\t<\/div>\n\t\t\t\t<\/div>\n\t\t\t\t<div class=\"elementor-element elementor-element-29d4f06 elementor-widget elementor-widget-icon-box\" data-id=\"29d4f06\" data-element_type=\"widget\" data-widget_type=\"icon-box.default\">\n\t\t\t\t<div class=\"elementor-widget-container\">\n\t\t\t\t\t\t\t<div class=\"elementor-icon-box-wrapper\">\n\n\t\t\t\n\t\t\t\t\t\t<div class=\"elementor-icon-box-content\">\n\n\t\t\t\t\t\t\t\t\t<h3 class=\"elementor-icon-box-title\">\n\t\t\t\t\t\t<span  >\n\t\t\t\t\t\t\tBenchmarking y Mercado Comparativo\t\t\t\t\t\t<\/span>\n\t\t\t\t\t<\/h3>\n\t\t\t\t\n\t\t\t\t\t\t\t\t\t<p class=\"elementor-icon-box-description\">\n\t\t\t\t\t\tCompletamos el proceso con estudios de mercado ciegos \u2014ya sea a nivel local o internacional\u2014 usando nuestra experiencia acumulada en jurisdicciones clave de cinco continentes. Esto nos permite validar si las tarifas o propuestas est\u00e1n alineadas con est\u00e1ndares del mercado, aportando confianza y certeza en la toma de decisiones.\t\t\t\t\t<\/p>\n\t\t\t\t\n\t\t\t<\/div>\n\t\t\t\n\t\t<\/div>\n\t\t\t\t\t\t<\/div>\n\t\t\t\t<\/div>\n\t\t\t\t<div class=\"elementor-element elementor-element-7ef0877a elementor-widget elementor-widget-icon-box\" data-id=\"7ef0877a\" data-element_type=\"widget\" data-widget_type=\"icon-box.default\">\n\t\t\t\t<div class=\"elementor-widget-container\">\n\t\t\t\t\t\t\t<div class=\"elementor-icon-box-wrapper\">\n\n\t\t\t\n\t\t\t\t\t\t<div class=\"elementor-icon-box-content\">\n\n\t\t\t\t\t\t\t\t\t<h3 class=\"elementor-icon-box-title\">\n\t\t\t\t\t\t<span  >\n\t\t\t\t\t\t\tEntrega Estrat\u00e9gica &amp; Confianza\t\t\t\t\t\t<\/span>\n\t\t\t\t\t<\/h3>\n\t\t\t\t\n\t\t\t\t\t\t\t\t\t<p class=\"elementor-icon-box-description\">\n\t\t\t\t\t\tPresentamos las recomendaciones finales con un an\u00e1lisis claro y accionable, enfocado en eficacia, alineaci\u00f3n estrat\u00e9gica y fortaleza empresarial. Siempre protegiendo la confidencialidad del proceso y con un enfoque centrado en la excelencia operativa.\t\t\t\t\t<\/p>\n\t\t\t\t\n\t\t\t<\/div>\n\t\t\t\n\t\t<\/div>\n\t\t\t\t\t\t<\/div>\n\t\t\t\t<\/div>\n\t\t\t\t<\/div>\n\t\t\t\t\t<\/div>\n\t\t\t\t<\/div>\n\t\t<div class=\"elementor-element elementor-element-54d3c623 e-flex e-con-boxed e-con e-parent\" data-id=\"54d3c623\" data-element_type=\"container\" data-settings=\"{&quot;background_background&quot;:&quot;classic&quot;}\">\n\t\t\t\t\t<div class=\"e-con-inner\">\n\t\t\t\t<div class=\"elementor-element elementor-element-62714724 elementor-widget elementor-widget-spacer\" data-id=\"62714724\" data-element_type=\"widget\" data-widget_type=\"spacer.default\">\n\t\t\t\t<div class=\"elementor-widget-container\">\n\t\t\t\t\t\t\t<div class=\"elementor-spacer\">\n\t\t\t<div class=\"elementor-spacer-inner\"><\/div>\n\t\t<\/div>\n\t\t\t\t\t\t<\/div>\n\t\t\t\t<\/div>\n\t\t\t\t\t<\/div>\n\t\t\t\t<\/div>\n\t\t\t\t<\/div>","protected":false},"excerpt":{"rendered":"<p>Our method In the global legal market, there is no stronger starting point for finding and hiring legal counsel than our platform.Our unique combination of network, insight, and experience makes us the natural reference point for companies and law firms seeking transparency, quality, and competitiveness. With years of engagement with leading industry players, direct access [&hellip;]<\/p>","protected":false},"author":1,"featured_media":0,"parent":0,"menu_order":0,"comment_status":"closed","ping_status":"closed","template":"","meta":{"_uag_custom_page_level_css":"","site-sidebar-layout":"no-sidebar","site-content-layout":"page-builder","ast-site-content-layout":"full-width-container","site-content-style":"default","site-sidebar-style":"default","ast-global-header-display":"","ast-banner-title-visibility":"","ast-main-header-display":"","ast-hfb-above-header-display":"","ast-hfb-below-header-display":"","ast-hfb-mobile-header-display":"","site-post-title":"disabled","ast-breadcrumbs-content":"","ast-featured-img":"disabled","footer-sml-layout":"","theme-transparent-header-meta":"","adv-header-id-meta":"","stick-header-meta":"","header-above-stick-meta":"","header-main-stick-meta":"","header-below-stick-meta":"","astra-migrate-meta-layouts":"set","ast-page-background-enabled":"default","ast-page-background-meta":{"desktop":{"background-color":"var(--ast-global-color-4)","background-image":"","background-repeat":"repeat","background-position":"center center","background-size":"auto","background-attachment":"scroll","background-type":"","background-media":"","overlay-type":"","overlay-color":"","overlay-opacity":"","overlay-gradient":""},"tablet":{"background-color":"","background-image":"","background-repeat":"repeat","background-position":"center center","background-size":"auto","background-attachment":"scroll","background-type":"","background-media":"","overlay-type":"","overlay-color":"","overlay-opacity":"","overlay-gradient":""},"mobile":{"background-color":"","background-image":"","background-repeat":"repeat","background-position":"center center","background-size":"auto","background-attachment":"scroll","background-type":"","background-media":"","overlay-type":"","overlay-color":"","overlay-opacity":"","overlay-gradient":""}},"ast-content-background-meta":{"desktop":{"background-color":"var(--ast-global-color-5)","background-image":"","background-repeat":"repeat","background-position":"center center","background-size":"auto","background-attachment":"scroll","background-type":"","background-media":"","overlay-type":"","overlay-color":"","overlay-opacity":"","overlay-gradient":""},"tablet":{"background-color":"var(--ast-global-color-5)","background-image":"","background-repeat":"repeat","background-position":"center center","background-size":"auto","background-attachment":"scroll","background-type":"","background-media":"","overlay-type":"","overlay-color":"","overlay-opacity":"","overlay-gradient":""},"mobile":{"background-color":"var(--ast-global-color-5)","background-image":"","background-repeat":"repeat","background-position":"center center","background-size":"auto","background-attachment":"scroll","background-type":"","background-media":"","overlay-type":"","overlay-color":"","overlay-opacity":"","overlay-gradient":""}},"_themeisle_gutenberg_block_has_review":false,"footnotes":""},"class_list":["post-4157","page","type-page","status-publish","hentry"],"aioseo_notices":[],"uagb_featured_image_src":{"full":false,"thumbnail":false,"medium":false,"medium_large":false,"large":false,"1536x1536":false,"2048x2048":false,"trp-custom-language-flag":false},"uagb_author_info":{"display_name":"Jos\u00e9 Allende","author_link":"https:\/\/legintelligence.io\/es\/author\/jallendeindustrialegal-com\/"},"uagb_comment_info":0,"uagb_excerpt":"Our method In the global legal market, there is no stronger starting point for finding and hiring legal counsel than our platform.Our unique combination of network, insight, and experience makes us the natural reference point for companies and law firms seeking transparency, quality, and competitiveness. With years of engagement with leading industry players, direct access&hellip;","_links":{"self":[{"href":"https:\/\/legintelligence.io\/es\/wp-json\/wp\/v2\/pages\/4157","targetHints":{"allow":["GET"]}}],"collection":[{"href":"https:\/\/legintelligence.io\/es\/wp-json\/wp\/v2\/pages"}],"about":[{"href":"https:\/\/legintelligence.io\/es\/wp-json\/wp\/v2\/types\/page"}],"author":[{"embeddable":true,"href":"https:\/\/legintelligence.io\/es\/wp-json\/wp\/v2\/users\/1"}],"replies":[{"embeddable":true,"href":"https:\/\/legintelligence.io\/es\/wp-json\/wp\/v2\/comments?post=4157"}],"version-history":[{"count":50,"href":"https:\/\/legintelligence.io\/es\/wp-json\/wp\/v2\/pages\/4157\/revisions"}],"predecessor-version":[{"id":4552,"href":"https:\/\/legintelligence.io\/es\/wp-json\/wp\/v2\/pages\/4157\/revisions\/4552"}],"wp:attachment":[{"href":"https:\/\/legintelligence.io\/es\/wp-json\/wp\/v2\/media?parent=4157"}],"curies":[{"name":"wp","href":"https:\/\/api.w.org\/{rel}","templated":true}]}}