{"id":3959,"date":"2025-08-07T20:46:38","date_gmt":"2025-08-07T20:46:38","guid":{"rendered":"https:\/\/legintelligence.io\/?page_id=3959"},"modified":"2025-08-22T15:29:16","modified_gmt":"2025-08-22T15:29:16","slug":"home","status":"publish","type":"page","link":"https:\/\/legintelligence.io\/es\/","title":{"rendered":"home"},"content":{"rendered":"<div data-elementor-type=\"wp-page\" data-elementor-id=\"3959\" class=\"elementor elementor-3959\">\n\t\t\t\t<div class=\"elementor-element elementor-element-9437be5 e-flex e-con-boxed e-con e-parent\" data-id=\"9437be5\" data-element_type=\"container\">\n\t\t\t\t\t<div class=\"e-con-inner\">\n\t\t\t\t<div class=\"elementor-element elementor-element-7f14f43 elementor-widget elementor-widget-spacer\" data-id=\"7f14f43\" data-element_type=\"widget\" data-widget_type=\"spacer.default\">\n\t\t\t\t<div class=\"elementor-widget-container\">\n\t\t\t\t\t\t\t<div class=\"elementor-spacer\">\n\t\t\t<div class=\"elementor-spacer-inner\"><\/div>\n\t\t<\/div>\n\t\t\t\t\t\t<\/div>\n\t\t\t\t<\/div>\n\t\t\t\t\t<\/div>\n\t\t\t\t<\/div>\n\t\t<div class=\"elementor-element elementor-element-48af5f3 e-flex e-con-boxed e-con e-parent\" data-id=\"48af5f3\" data-element_type=\"container\" data-settings=\"{&quot;background_background&quot;:&quot;slideshow&quot;,&quot;background_slideshow_gallery&quot;:[],&quot;background_slideshow_loop&quot;:&quot;yes&quot;,&quot;background_slideshow_slide_duration&quot;:5000,&quot;background_slideshow_slide_transition&quot;:&quot;fade&quot;,&quot;background_slideshow_transition_duration&quot;:500}\">\n\t\t\t\t\t<div class=\"e-con-inner\">\n\t\t\t\t<div class=\"elementor-element elementor-element-66ae68b elementor-widget elementor-widget-image\" data-id=\"66ae68b\" data-element_type=\"widget\" data-widget_type=\"image.default\">\n\t\t\t\t<div class=\"elementor-widget-container\">\n\t\t\t\t\t\t\t\t\t\t\t\t\t\t\t<img fetchpriority=\"high\" decoding=\"async\" width=\"768\" height=\"283\" src=\"https:\/\/legintelligence.io\/wp-content\/uploads\/2025\/06\/Recurso-1Legalintelligence-logo-e1754078029923-65x24.png\" class=\"attachment-medium_large size-medium_large wp-image-3130\" alt=\"\" srcset=\"https:\/\/legintelligence.io\/wp-content\/uploads\/2025\/06\/Recurso-1Legalintelligence-logo-e1754078029923-768x283.png 768w, https:\/\/legintelligence.io\/wp-content\/uploads\/2025\/06\/Recurso-1Legalintelligence-logo-e1754078029923-300x111.png 300w, https:\/\/legintelligence.io\/wp-content\/uploads\/2025\/06\/Recurso-1Legalintelligence-logo-e1754078029923-1024x378.png 1024w, https:\/\/legintelligence.io\/wp-content\/uploads\/2025\/06\/Recurso-1Legalintelligence-logo-e1754078029923-1536x567.png 1536w, https:\/\/legintelligence.io\/wp-content\/uploads\/2025\/06\/Recurso-1Legalintelligence-logo-e1754078029923-18x7.png 18w, https:\/\/legintelligence.io\/wp-content\/uploads\/2025\/06\/Recurso-1Legalintelligence-logo-e1754078029923-65x24.png 65w, https:\/\/legintelligence.io\/wp-content\/uploads\/2025\/06\/Recurso-1Legalintelligence-logo-e1754078029923.png 1775w\" sizes=\"(max-width: 768px) 100vw, 768px\" \/>\t\t\t\t\t\t\t\t\t\t\t\t\t\t\t<\/div>\n\t\t\t\t<\/div>\n\t\t\t\t\t<\/div>\n\t\t\t\t<\/div>\n\t\t<div class=\"elementor-element elementor-element-1a8d98e e-flex e-con-boxed e-con e-parent\" data-id=\"1a8d98e\" data-element_type=\"container\">\n\t\t\t\t\t<div class=\"e-con-inner\">\n\t\t\t\t<div class=\"elementor-element elementor-element-32aac9e elementor-widget__width-initial elementor-widget-tablet__width-initial elementor-widget-mobile__width-inherit elementor-widget elementor-widget-text-editor\" data-id=\"32aac9e\" data-element_type=\"widget\" data-widget_type=\"text-editor.default\">\n\t\t\t\t<div class=\"elementor-widget-container\">\n\t\t\t\t\t\t\t\t\t<p><span style=\"font-weight: 400;\">Conecte con m\u00e1s de 1.000 firmas legales en m\u00e1s de 45 pa\u00edses. Nuestra plataforma permite a empresas y estudios jur\u00eddicos acceder a asesor\u00eda legal local o internacional bajo un sistema de licitaci\u00f3n ciega, que garantiza comparabilidad, transparencia y las mejores condiciones de contrataci\u00f3n.<\/span><\/p>\t\t\t\t\t\t\t\t<\/div>\n\t\t\t\t<\/div>\n\t\t\t\t\t<\/div>\n\t\t\t\t<\/div>\n\t\t<div class=\"elementor-element elementor-element-d286857 e-flex e-con-boxed e-con e-parent\" data-id=\"d286857\" data-element_type=\"container\">\n\t\t\t\t\t<div class=\"e-con-inner\">\n\t\t\t\t<div class=\"elementor-element elementor-element-77be423 elementor-widget elementor-widget-spacer\" data-id=\"77be423\" data-element_type=\"widget\" data-widget_type=\"spacer.default\">\n\t\t\t\t<div class=\"elementor-widget-container\">\n\t\t\t\t\t\t\t<div class=\"elementor-spacer\">\n\t\t\t<div class=\"elementor-spacer-inner\"><\/div>\n\t\t<\/div>\n\t\t\t\t\t\t<\/div>\n\t\t\t\t<\/div>\n\t\t\t\t<div class=\"elementor-element elementor-element-2c6a3ab elementor-widget elementor-widget-heading\" data-id=\"2c6a3ab\" data-element_type=\"widget\" data-widget_type=\"heading.default\">\n\t\t\t\t<div class=\"elementor-widget-container\">\n\t\t\t\t\t<h2 class=\"elementor-heading-title elementor-size-default\">Our services<\/h2>\t\t\t\t<\/div>\n\t\t\t\t<\/div>\n\t\t<div class=\"elementor-element elementor-element-a6cb431 e-grid e-con-full e-con e-child\" data-id=\"a6cb431\" data-element_type=\"container\">\n\t\t\t\t<div class=\"elementor-element elementor-element-5b513b7 elementor-widget elementor-widget-icon-box\" data-id=\"5b513b7\" data-element_type=\"widget\" data-widget_type=\"icon-box.default\">\n\t\t\t\t<div class=\"elementor-widget-container\">\n\t\t\t\t\t\t\t<div class=\"elementor-icon-box-wrapper\">\n\n\t\t\t\n\t\t\t\t\t\t<div class=\"elementor-icon-box-content\">\n\n\t\t\t\t\t\t\t\t\t<h3 class=\"elementor-icon-box-title\">\n\t\t\t\t\t\t<span  >\n\t\t\t\t\t\t\tLocal Connection\t\t\t\t\t\t<\/span>\n\t\t\t\t\t<\/h3>\n\t\t\t\t\n\t\t\t\t\t\t\t\t\t<p class=\"elementor-icon-box-description\">\n\t\t\t\t\t\tAcceda a firmas legales calificadas en su misma zona de operaci\u00f3n, a trav\u00e9s de una red local validada y de alta confianza. Recibimos su requerimiento y verificamos los criterios definidos por su empresa: \u00e1rea de pr\u00e1ctica, experiencia espec\u00edfica, formaci\u00f3n, reconocimientos, tama\u00f1o del equipo, tiempos de respuesta, entre otros. A partir de ello, activamos nuestra red local de firmas jur\u00eddicas previamente evaluadas y las invitamos a participar en un proceso de licitaci\u00f3n ciega de honorarios. As\u00ed garantizamos soluciones legales alineadas con sus necesidades, con eficiencia, transparencia y condiciones competitivas.\t\t\t\t\t<\/p>\n\t\t\t\t\n\t\t\t<\/div>\n\t\t\t\n\t\t<\/div>\n\t\t\t\t\t\t<\/div>\n\t\t\t\t<\/div>\n\t\t\t\t<div class=\"elementor-element elementor-element-b65ee86 elementor-widget elementor-widget-icon-box\" data-id=\"b65ee86\" data-element_type=\"widget\" data-widget_type=\"icon-box.default\">\n\t\t\t\t<div class=\"elementor-widget-container\">\n\t\t\t\t\t\t\t<div class=\"elementor-icon-box-wrapper\">\n\n\t\t\t\n\t\t\t\t\t\t<div class=\"elementor-icon-box-content\">\n\n\t\t\t\t\t\t\t\t\t<h3 class=\"elementor-icon-box-title\">\n\t\t\t\t\t\t<span  >\n\t\t\t\t\t\t\tGlobal Connection\t\t\t\t\t\t<\/span>\n\t\t\t\t\t<\/h3>\n\t\t\t\t\n\t\t\t\t\t\t\t\t\t<p class=\"elementor-icon-box-description\">\n\t\t\t\t\t\tConecte con firmas legales en el extranjero a trav\u00e9s de una red internacional de m\u00e1s de 1.000 estudios jur\u00eddicos en 45 pa\u00edses. Recibimos su requerimiento y verificamos los criterios definidos por su organizaci\u00f3n: jurisdicci\u00f3n, especialidad, experiencia en industrias espec\u00edficas, acreditaciones internacionales, idiomas, estructura del equipo, zonas horarias compatibles, entre otros. Con esa informaci\u00f3n, activamos nuestra red global de firmas validadas y las invitamos a participar en una licitaci\u00f3n ciega. As\u00ed garantizamos una selecci\u00f3n transparente, eficiente y con condiciones altamente competitivas, para apoyar sus operaciones legales transfronterizas.\t\t\t\t\t<\/p>\n\t\t\t\t\n\t\t\t<\/div>\n\t\t\t\n\t\t<\/div>\n\t\t\t\t\t\t<\/div>\n\t\t\t\t<\/div>\n\t\t\t\t<div class=\"elementor-element elementor-element-874aa54 elementor-widget elementor-widget-icon-box\" data-id=\"874aa54\" data-element_type=\"widget\" data-widget_type=\"icon-box.default\">\n\t\t\t\t<div class=\"elementor-widget-container\">\n\t\t\t\t\t\t\t<div class=\"elementor-icon-box-wrapper\">\n\n\t\t\t\n\t\t\t\t\t\t<div class=\"elementor-icon-box-content\">\n\n\t\t\t\t\t\t\t\t\t<h3 class=\"elementor-icon-box-title\">\n\t\t\t\t\t\t<span  >\n\t\t\t\t\t\t\tFee Benchmarking\t\t\t\t\t\t<\/span>\n\t\t\t\t\t<\/h3>\n\t\t\t\t\n\t\t\t\t\t\t\t\t\t<p class=\"elementor-icon-box-description\">\n\t\t\t\t\t\tEval\u00fae si los honorarios legales que actualmente paga se ajustan a los est\u00e1ndares del mercado, con datos reales, comparables y objetivos. A trav\u00e9s de estudios ciegos y comparativos, ayudamos a empresas y firmas legales a revisar sus estructuras de tarifas vigentes, tanto en asesor\u00edas recurrentes como en servicios puntuales. Utilizamos nuestra red activa y el conocimiento acumulado en las principales jurisdicciones de cinco continentes para generar an\u00e1lisis independientes, transparentes y competitivos. Una herramienta eficaz para fortalecer procesos internos, mejorar la eficiencia en la contrataci\u00f3n legal y fomentar relaciones m\u00e1s equilibradas con sus proveedores jur\u00eddicos.\t\t\t\t\t<\/p>\n\t\t\t\t\n\t\t\t<\/div>\n\t\t\t\n\t\t<\/div>\n\t\t\t\t\t\t<\/div>\n\t\t\t\t<\/div>\n\t\t\t\t<\/div>\n\t\t\t\t\t<\/div>\n\t\t\t\t<\/div>\n\t\t<div class=\"elementor-element elementor-element-c7df335 e-flex e-con-boxed e-con e-parent\" data-id=\"c7df335\" data-element_type=\"container\">\n\t\t\t\t\t<div class=\"e-con-inner\">\n\t\t\t\t<div class=\"elementor-element elementor-element-9907c10 elementor-align-center elementor-widget elementor-widget-button\" data-id=\"9907c10\" data-element_type=\"widget\" data-widget_type=\"button.default\">\n\t\t\t\t<div class=\"elementor-widget-container\">\n\t\t\t\t\t\t\t\t\t<div class=\"elementor-button-wrapper\">\n\t\t\t\t\t<a class=\"elementor-button elementor-button-link elementor-size-sm\" href=\"https:\/\/legintelligence.io\/es\/en\/our-services\/\">\n\t\t\t\t\t\t<span class=\"elementor-button-content-wrapper\">\n\t\t\t\t\t\t\t\t\t<span class=\"elementor-button-text\">Realice una solicitud<\/span>\n\t\t\t\t\t<\/span>\n\t\t\t\t\t<\/a>\n\t\t\t\t<\/div>\n\t\t\t\t\t\t\t\t<\/div>\n\t\t\t\t<\/div>\n\t\t\t\t\t<\/div>\n\t\t\t\t<\/div>\n\t\t<div class=\"elementor-element elementor-element-c1c42c1 e-flex e-con-boxed e-con e-parent\" data-id=\"c1c42c1\" data-element_type=\"container\">\n\t\t\t\t\t<div class=\"e-con-inner\">\n\t\t\t\t<div class=\"elementor-element elementor-element-86955d6 elementor-widget elementor-widget-spacer\" data-id=\"86955d6\" data-element_type=\"widget\" data-widget_type=\"spacer.default\">\n\t\t\t\t<div class=\"elementor-widget-container\">\n\t\t\t\t\t\t\t<div class=\"elementor-spacer\">\n\t\t\t<div class=\"elementor-spacer-inner\"><\/div>\n\t\t<\/div>\n\t\t\t\t\t\t<\/div>\n\t\t\t\t<\/div>\n\t\t\t\t\t<\/div>\n\t\t\t\t<\/div>\n\t\t\t\t<\/div>","protected":false},"excerpt":{"rendered":"<p>Connect with over 1,000 law firms across more than 45 countries. Our platform enables companies and legal practices to access local or international legal counsel through a blind bidding system that ensures comparability, transparency, and the best possible engagement terms. Our services Local Connection Access vetted law firms in your area of operation through a [&hellip;]<\/p>","protected":false},"author":1,"featured_media":0,"parent":0,"menu_order":0,"comment_status":"closed","ping_status":"closed","template":"","meta":{"_uag_custom_page_level_css":"","site-sidebar-layout":"no-sidebar","site-content-layout":"page-builder","ast-site-content-layout":"full-width-container","site-content-style":"default","site-sidebar-style":"default","ast-global-header-display":"","ast-banner-title-visibility":"","ast-main-header-display":"","ast-hfb-above-header-display":"","ast-hfb-below-header-display":"","ast-hfb-mobile-header-display":"","site-post-title":"disabled","ast-breadcrumbs-content":"","ast-featured-img":"disabled","footer-sml-layout":"","theme-transparent-header-meta":"","adv-header-id-meta":"","stick-header-meta":"","header-above-stick-meta":"","header-main-stick-meta":"","header-below-stick-meta":"","astra-migrate-meta-layouts":"set","ast-page-background-enabled":"default","ast-page-background-meta":{"desktop":{"background-color":"var(--ast-global-color-4)","background-image":"","background-repeat":"repeat","background-position":"center center","background-size":"auto","background-attachment":"scroll","background-type":"","background-media":"","overlay-type":"","overlay-color":"","overlay-opacity":"","overlay-gradient":""},"tablet":{"background-color":"","background-image":"","background-repeat":"repeat","background-position":"center center","background-size":"auto","background-attachment":"scroll","background-type":"","background-media":"","overlay-type":"","overlay-color":"","overlay-opacity":"","overlay-gradient":""},"mobile":{"background-color":"","background-image":"","background-repeat":"repeat","background-position":"center center","background-size":"auto","background-attachment":"scroll","background-type":"","background-media":"","overlay-type":"","overlay-color":"","overlay-opacity":"","overlay-gradient":""}},"ast-content-background-meta":{"desktop":{"background-color":"var(--ast-global-color-5)","background-image":"","background-repeat":"repeat","background-position":"center center","background-size":"auto","background-attachment":"scroll","background-type":"","background-media":"","overlay-type":"","overlay-color":"","overlay-opacity":"","overlay-gradient":""},"tablet":{"background-color":"var(--ast-global-color-5)","background-image":"","background-repeat":"repeat","background-position":"center center","background-size":"auto","background-attachment":"scroll","background-type":"","background-media":"","overlay-type":"","overlay-color":"","overlay-opacity":"","overlay-gradient":""},"mobile":{"background-color":"var(--ast-global-color-5)","background-image":"","background-repeat":"repeat","background-position":"center center","background-size":"auto","background-attachment":"scroll","background-type":"","background-media":"","overlay-type":"","overlay-color":"","overlay-opacity":"","overlay-gradient":""}},"_themeisle_gutenberg_block_has_review":false,"footnotes":""},"class_list":["post-3959","page","type-page","status-publish","hentry"],"aioseo_notices":[],"uagb_featured_image_src":{"full":false,"thumbnail":false,"medium":false,"medium_large":false,"large":false,"1536x1536":false,"2048x2048":false,"trp-custom-language-flag":false},"uagb_author_info":{"display_name":"Jos\u00e9 Allende","author_link":"https:\/\/legintelligence.io\/es\/author\/jallendeindustrialegal-com\/"},"uagb_comment_info":0,"uagb_excerpt":"Connect with over 1,000 law firms across more than 45 countries. Our platform enables companies and legal practices to access local or international legal counsel through a blind bidding system that ensures comparability, transparency, and the best possible engagement terms. Our services Local Connection Access vetted law firms in your area of operation through a&hellip;","_links":{"self":[{"href":"https:\/\/legintelligence.io\/es\/wp-json\/wp\/v2\/pages\/3959","targetHints":{"allow":["GET"]}}],"collection":[{"href":"https:\/\/legintelligence.io\/es\/wp-json\/wp\/v2\/pages"}],"about":[{"href":"https:\/\/legintelligence.io\/es\/wp-json\/wp\/v2\/types\/page"}],"author":[{"embeddable":true,"href":"https:\/\/legintelligence.io\/es\/wp-json\/wp\/v2\/users\/1"}],"replies":[{"embeddable":true,"href":"https:\/\/legintelligence.io\/es\/wp-json\/wp\/v2\/comments?post=3959"}],"version-history":[{"count":54,"href":"https:\/\/legintelligence.io\/es\/wp-json\/wp\/v2\/pages\/3959\/revisions"}],"predecessor-version":[{"id":4226,"href":"https:\/\/legintelligence.io\/es\/wp-json\/wp\/v2\/pages\/3959\/revisions\/4226"}],"wp:attachment":[{"href":"https:\/\/legintelligence.io\/es\/wp-json\/wp\/v2\/media?parent=3959"}],"curies":[{"name":"wp","href":"https:\/\/api.w.org\/{rel}","templated":true}]}}